{"id":259668,"date":"2024-08-07T00:27:04","date_gmt":"2024-08-06T22:27:04","guid":{"rendered":"https:\/\/hotelbeausejour-menthon.com\/legal-notice\/"},"modified":"2024-09-12T17:22:42","modified_gmt":"2024-09-12T15:22:42","slug":"legal-notice","status":"publish","type":"page","link":"https:\/\/hotelbeausejour-menthon.com\/en\/legal-notice\/","title":{"rendered":"Legal Notice"},"content":{"rendered":"<p>[et_pb_section fb_built=&#8221;1&#8243; custom_padding_last_edited=&#8221;on|phone&#8221; _builder_version=&#8221;4.27.0&#8243; _module_preset=&#8221;default&#8221; custom_padding=&#8221;64px||64px||true|false&#8221; custom_padding_tablet=&#8221;64px||64px||true|false&#8221; custom_padding_phone=&#8221;32px||32px||true|false&#8221; global_colors_info=&#8221;{}&#8221;][et_pb_row _builder_version=&#8221;4.27.0&#8243; _module_preset=&#8221;default&#8221; global_colors_info=&#8221;{}&#8221;][et_pb_column type=&#8221;4_4&#8243; _builder_version=&#8221;4.23.4&#8243; _module_preset=&#8221;default&#8221; global_colors_info=&#8221;{}&#8221;][et_pb_text _builder_version=&#8221;4.27.0&#8243; _module_preset=&#8221;default&#8221; header_font=&#8221;Libre Baskerville|700|||||||&#8221; header_text_color=&#8221;#08A88D&#8221; header_font_size=&#8221;42px&#8221; header_letter_spacing=&#8221;-0.01em&#8221; header_font_size_tablet=&#8221;42px&#8221; header_font_size_phone=&#8221;36px&#8221; header_font_size_last_edited=&#8221;on|phone&#8221; header_line_height_tablet=&#8221;1.2em&#8221; header_line_height_phone=&#8221;1.2em&#8221; header_line_height_last_edited=&#8221;on|tablet&#8221; global_colors_info=&#8221;{}&#8221;]<\/p>\n<h1>Legal Notice<\/h1>\n<p>[\/et_pb_text][et_pb_text _builder_version=&#8221;4.27.0&#8243; _module_preset=&#8221;default&#8221; text_font=&#8221;Heebo||||||||&#8221; text_text_color=&#8221;#1F2933&#8243; text_font_size=&#8221;15px&#8221; header_2_font=&#8221;Libre Baskerville|700|||||||&#8221; header_2_text_color=&#8221;#08A88D&#8221; header_2_font_size=&#8221;30px&#8221; header_2_line_height=&#8221;1.4em&#8221; header_3_font=&#8221;Libre Baskerville|700|||||||&#8221; header_3_text_color=&#8221;gcid-d80a62ea-f128-438b-b700-3ed50444ef8a&#8221; header_3_font_size=&#8221;24px&#8221; header_3_line_height=&#8221;1.3em&#8221; hover_enabled=&#8221;0&#8243; header_2_font_size_tablet=&#8221;30px&#8221; header_2_font_size_phone=&#8221;24px&#8221; header_2_font_size_last_edited=&#8221;on|tablet&#8221; header_2_line_height_tablet=&#8221;1.4em&#8221; header_2_line_height_phone=&#8221;1.4em&#8221; header_2_line_height_last_edited=&#8221;on|phone&#8221; header_3_font_size_tablet=&#8221;24px&#8221; header_3_font_size_phone=&#8221;20px&#8221; header_3_font_size_last_edited=&#8221;on|desktop&#8221; header_3_line_height_tablet=&#8221;1.3em&#8221; header_3_line_height_phone=&#8221;1.3em&#8221; header_3_line_height_last_edited=&#8221;on|desktop&#8221; global_colors_info=&#8221;{%22gcid-d80a62ea-f128-438b-b700-3ed50444ef8a%22:%91%22header_3_text_color%22%93}&#8221; sticky_enabled=&#8221;0&#8243;]<\/p>\n<p><span>Company name: SARL HOTEL BEAU SEJOUR<\/span><br \/><span>Company registration (RCS): RCS 350362570<\/span><br \/><span>VAT: FR87350362570<\/span><br \/><span>Share Capital: \u20ac156,640<\/span><span><\/span><\/p>\n<p><span><\/span><\/p>\n<h2><span>Bookings &#8211; General Terms and Conditions of Sale <\/span><\/h2>\n<ul>\n<li><span>Deposit required: 30% of the total amount of the stay.<\/span><\/li>\n<li>The balance is to be paid at the end of the stay.<\/li>\n<li><span>Bookings are considered firm upon receipt of the deposit. The deposit will not be refunded in case of cancellation or early departure. <\/span>.<\/li>\n<\/ul>\n<p>&nbsp;<\/p>\n<h2>Dispute Resolution and Mediation<\/h2>\n<p><span>According to Article R616-1 of the Consumer Code, any client may attempt to resolve a dispute amicably and has the option to contact a mediator appointed by the European Mediators Association (AMECONSO) by completing the form provided on the AMECONSO website <\/span><a href=\"http:\/\/www.mediationconso-ame.com\" class=\"ms-outlook-linkify\">www.mediationconso-ame.com<\/a><span> or by sending a letter to AME CONSO, 11 Place Dauphine &#8211; 75001 PARIS.<\/span><br \/><span>There is a European online dispute resolution platform available at <\/span><a href=\"http:\/\/ec.europa.eu\/consumers\/odr\/\" class=\"ms-outlook-linkify\">http:\/\/ec.europa.eu\/consumers\/odr\/<\/a><\/p>\n<p>[\/et_pb_text][\/et_pb_column][\/et_pb_row][\/et_pb_section]<\/p>\n","protected":false},"excerpt":{"rendered":"<p>Legal NoticeCompany name: SARL HOTEL BEAU SEJOURCompany registration (RCS): RCS 350362570VAT: FR87350362570Share Capital: \u20ac156,640 Bookings &#8211; General Terms and Conditions of Sale Deposit required: 30% of the total amount of the stay. The balance is to be paid at the end of the stay. Bookings are considered firm upon receipt of the deposit. The deposit [&hellip;]<\/p>\n","protected":false},"author":1,"featured_media":0,"parent":0,"menu_order":0,"comment_status":"closed","ping_status":"closed","template":"","meta":{"_et_pb_use_builder":"on","_et_pb_old_content":"","_et_gb_content_width":"","footnotes":""},"class_list":["post-259668","page","type-page","status-publish","hentry"],"yoast_head":"<!-- This site is optimized with the Yoast SEO plugin v27.3 - https:\/\/yoast.com\/product\/yoast-seo-wordpress\/ -->\n<title>Legal Notice - H\u00f4tel Beau S\u00e9jour - H\u00f4tel \u00e0 Menthon-Saint-Bernard et bord du lac d&#039;Annecy<\/title>\n<meta name=\"robots\" content=\"index, follow, max-snippet:-1, max-image-preview:large, max-video-preview:-1\" \/>\n<link rel=\"canonical\" href=\"https:\/\/hotelbeausejour-menthon.com\/en\/legal-notice\/\" \/>\n<meta property=\"og:locale\" content=\"en_US\" \/>\n<meta property=\"og:type\" content=\"article\" \/>\n<meta property=\"og:title\" content=\"Legal Notice - H\u00f4tel Beau S\u00e9jour - H\u00f4tel \u00e0 Menthon-Saint-Bernard et bord du lac d&#039;Annecy\" \/>\n<meta property=\"og:description\" content=\"Legal NoticeCompany name: SARL HOTEL BEAU SEJOURCompany registration (RCS): RCS 350362570VAT: FR87350362570Share Capital: \u20ac156,640 Bookings - General Terms and Conditions of Sale Deposit required: 30% of the total amount of the stay. The balance is to be paid at the end of the stay. Bookings are considered firm upon receipt of the deposit. The deposit [&hellip;]\" \/>\n<meta property=\"og:url\" content=\"https:\/\/hotelbeausejour-menthon.com\/en\/legal-notice\/\" \/>\n<meta property=\"og:site_name\" content=\"H\u00f4tel Beau S\u00e9jour - H\u00f4tel \u00e0 Menthon-Saint-Bernard et bord du lac d&#039;Annecy\" \/>\n<meta property=\"article:modified_time\" content=\"2024-09-12T15:22:42+00:00\" \/>\n<meta property=\"og:image\" content=\"https:\/\/hotelbeausejour-menthon.com\/wp-content\/uploads\/2023\/03\/Logo-Hotel-Beau-Sejour-fond-vert.jpg\" \/>\n\t<meta property=\"og:image:width\" content=\"1200\" \/>\n\t<meta property=\"og:image:height\" content=\"675\" \/>\n\t<meta property=\"og:image:type\" content=\"image\/jpeg\" \/>\n<meta name=\"twitter:card\" content=\"summary_large_image\" \/>\n<meta name=\"twitter:label1\" content=\"Est. reading time\" \/>\n\t<meta name=\"twitter:data1\" content=\"2 minutes\" \/>\n<script type=\"application\/ld+json\" class=\"yoast-schema-graph\">{\"@context\":\"https:\\\/\\\/schema.org\",\"@graph\":[{\"@type\":\"WebPage\",\"@id\":\"https:\\\/\\\/hotelbeausejour-menthon.com\\\/en\\\/legal-notice\\\/\",\"url\":\"https:\\\/\\\/hotelbeausejour-menthon.com\\\/en\\\/legal-notice\\\/\",\"name\":\"Legal Notice - H\u00f4tel Beau S\u00e9jour - H\u00f4tel \u00e0 Menthon-Saint-Bernard et bord du lac d&#039;Annecy\",\"isPartOf\":{\"@id\":\"https:\\\/\\\/hotelbeausejour-menthon.com\\\/en\\\/#website\"},\"datePublished\":\"2024-08-06T22:27:04+00:00\",\"dateModified\":\"2024-09-12T15:22:42+00:00\",\"breadcrumb\":{\"@id\":\"https:\\\/\\\/hotelbeausejour-menthon.com\\\/en\\\/legal-notice\\\/#breadcrumb\"},\"inLanguage\":\"en-US\",\"potentialAction\":[{\"@type\":\"ReadAction\",\"target\":[\"https:\\\/\\\/hotelbeausejour-menthon.com\\\/en\\\/legal-notice\\\/\"]}]},{\"@type\":\"BreadcrumbList\",\"@id\":\"https:\\\/\\\/hotelbeausejour-menthon.com\\\/en\\\/legal-notice\\\/#breadcrumb\",\"itemListElement\":[{\"@type\":\"ListItem\",\"position\":1,\"name\":\"Accueil\",\"item\":\"https:\\\/\\\/hotelbeausejour-menthon.com\\\/en\\\/\"},{\"@type\":\"ListItem\",\"position\":2,\"name\":\"Legal Notice\"}]},{\"@type\":\"WebSite\",\"@id\":\"https:\\\/\\\/hotelbeausejour-menthon.com\\\/en\\\/#website\",\"url\":\"https:\\\/\\\/hotelbeausejour-menthon.com\\\/en\\\/\",\"name\":\"H\u00f4tel Beau S\u00e9jour - H\u00f4tel \u00e0 Menthon-Saint-Bernard et bord du lac d'Annecy\",\"description\":\"R\u00e9servez votre s\u00e9jour et vos vacances dans cet h\u00f4tel de charme \u00e0 deux pas du lac d&#039;Annecy\",\"publisher\":{\"@id\":\"https:\\\/\\\/hotelbeausejour-menthon.com\\\/en\\\/#organization\"},\"potentialAction\":[{\"@type\":\"SearchAction\",\"target\":{\"@type\":\"EntryPoint\",\"urlTemplate\":\"https:\\\/\\\/hotelbeausejour-menthon.com\\\/en\\\/?s={search_term_string}\"},\"query-input\":{\"@type\":\"PropertyValueSpecification\",\"valueRequired\":true,\"valueName\":\"search_term_string\"}}],\"inLanguage\":\"en-US\"},{\"@type\":\"Organization\",\"@id\":\"https:\\\/\\\/hotelbeausejour-menthon.com\\\/en\\\/#organization\",\"name\":\"H\u00f4tel Beau S\u00e9jour\",\"url\":\"https:\\\/\\\/hotelbeausejour-menthon.com\\\/en\\\/\",\"logo\":{\"@type\":\"ImageObject\",\"inLanguage\":\"en-US\",\"@id\":\"https:\\\/\\\/hotelbeausejour-menthon.com\\\/en\\\/#\\\/schema\\\/logo\\\/image\\\/\",\"url\":\"https:\\\/\\\/hotelbeausejour-menthon.com\\\/wp-content\\\/uploads\\\/2023\\\/02\\\/Logo-Hotel-Beau-Sejour.png\",\"contentUrl\":\"https:\\\/\\\/hotelbeausejour-menthon.com\\\/wp-content\\\/uploads\\\/2023\\\/02\\\/Logo-Hotel-Beau-Sejour.png\",\"width\":1194,\"height\":256,\"caption\":\"H\u00f4tel Beau S\u00e9jour\"},\"image\":{\"@id\":\"https:\\\/\\\/hotelbeausejour-menthon.com\\\/en\\\/#\\\/schema\\\/logo\\\/image\\\/\"}}]}<\/script>\n<!-- \/ Yoast SEO plugin. -->","yoast_head_json":{"title":"Legal Notice - H\u00f4tel Beau S\u00e9jour - H\u00f4tel \u00e0 Menthon-Saint-Bernard et bord du lac d&#039;Annecy","robots":{"index":"index","follow":"follow","max-snippet":"max-snippet:-1","max-image-preview":"max-image-preview:large","max-video-preview":"max-video-preview:-1"},"canonical":"https:\/\/hotelbeausejour-menthon.com\/en\/legal-notice\/","og_locale":"en_US","og_type":"article","og_title":"Legal Notice - H\u00f4tel Beau S\u00e9jour - H\u00f4tel \u00e0 Menthon-Saint-Bernard et bord du lac d&#039;Annecy","og_description":"Legal NoticeCompany name: SARL HOTEL BEAU SEJOURCompany registration (RCS): RCS 350362570VAT: FR87350362570Share Capital: \u20ac156,640 Bookings - General Terms and Conditions of Sale Deposit required: 30% of the total amount of the stay. The balance is to be paid at the end of the stay. Bookings are considered firm upon receipt of the deposit. The deposit [&hellip;]","og_url":"https:\/\/hotelbeausejour-menthon.com\/en\/legal-notice\/","og_site_name":"H\u00f4tel Beau S\u00e9jour - H\u00f4tel \u00e0 Menthon-Saint-Bernard et bord du lac d&#039;Annecy","article_modified_time":"2024-09-12T15:22:42+00:00","og_image":[{"width":1200,"height":675,"url":"https:\/\/hotelbeausejour-menthon.com\/wp-content\/uploads\/2023\/03\/Logo-Hotel-Beau-Sejour-fond-vert.jpg","type":"image\/jpeg"}],"twitter_card":"summary_large_image","twitter_misc":{"Est. reading time":"2 minutes"},"schema":{"@context":"https:\/\/schema.org","@graph":[{"@type":"WebPage","@id":"https:\/\/hotelbeausejour-menthon.com\/en\/legal-notice\/","url":"https:\/\/hotelbeausejour-menthon.com\/en\/legal-notice\/","name":"Legal Notice - H\u00f4tel Beau S\u00e9jour - H\u00f4tel \u00e0 Menthon-Saint-Bernard et bord du lac d&#039;Annecy","isPartOf":{"@id":"https:\/\/hotelbeausejour-menthon.com\/en\/#website"},"datePublished":"2024-08-06T22:27:04+00:00","dateModified":"2024-09-12T15:22:42+00:00","breadcrumb":{"@id":"https:\/\/hotelbeausejour-menthon.com\/en\/legal-notice\/#breadcrumb"},"inLanguage":"en-US","potentialAction":[{"@type":"ReadAction","target":["https:\/\/hotelbeausejour-menthon.com\/en\/legal-notice\/"]}]},{"@type":"BreadcrumbList","@id":"https:\/\/hotelbeausejour-menthon.com\/en\/legal-notice\/#breadcrumb","itemListElement":[{"@type":"ListItem","position":1,"name":"Accueil","item":"https:\/\/hotelbeausejour-menthon.com\/en\/"},{"@type":"ListItem","position":2,"name":"Legal Notice"}]},{"@type":"WebSite","@id":"https:\/\/hotelbeausejour-menthon.com\/en\/#website","url":"https:\/\/hotelbeausejour-menthon.com\/en\/","name":"H\u00f4tel Beau S\u00e9jour - H\u00f4tel \u00e0 Menthon-Saint-Bernard et bord du lac d'Annecy","description":"R\u00e9servez votre s\u00e9jour et vos vacances dans cet h\u00f4tel de charme \u00e0 deux pas du lac d&#039;Annecy","publisher":{"@id":"https:\/\/hotelbeausejour-menthon.com\/en\/#organization"},"potentialAction":[{"@type":"SearchAction","target":{"@type":"EntryPoint","urlTemplate":"https:\/\/hotelbeausejour-menthon.com\/en\/?s={search_term_string}"},"query-input":{"@type":"PropertyValueSpecification","valueRequired":true,"valueName":"search_term_string"}}],"inLanguage":"en-US"},{"@type":"Organization","@id":"https:\/\/hotelbeausejour-menthon.com\/en\/#organization","name":"H\u00f4tel Beau S\u00e9jour","url":"https:\/\/hotelbeausejour-menthon.com\/en\/","logo":{"@type":"ImageObject","inLanguage":"en-US","@id":"https:\/\/hotelbeausejour-menthon.com\/en\/#\/schema\/logo\/image\/","url":"https:\/\/hotelbeausejour-menthon.com\/wp-content\/uploads\/2023\/02\/Logo-Hotel-Beau-Sejour.png","contentUrl":"https:\/\/hotelbeausejour-menthon.com\/wp-content\/uploads\/2023\/02\/Logo-Hotel-Beau-Sejour.png","width":1194,"height":256,"caption":"H\u00f4tel Beau S\u00e9jour"},"image":{"@id":"https:\/\/hotelbeausejour-menthon.com\/en\/#\/schema\/logo\/image\/"}}]}},"_links":{"self":[{"href":"https:\/\/hotelbeausejour-menthon.com\/en\/wp-json\/wp\/v2\/pages\/259668","targetHints":{"allow":["GET"]}}],"collection":[{"href":"https:\/\/hotelbeausejour-menthon.com\/en\/wp-json\/wp\/v2\/pages"}],"about":[{"href":"https:\/\/hotelbeausejour-menthon.com\/en\/wp-json\/wp\/v2\/types\/page"}],"author":[{"embeddable":true,"href":"https:\/\/hotelbeausejour-menthon.com\/en\/wp-json\/wp\/v2\/users\/1"}],"replies":[{"embeddable":true,"href":"https:\/\/hotelbeausejour-menthon.com\/en\/wp-json\/wp\/v2\/comments?post=259668"}],"version-history":[{"count":0,"href":"https:\/\/hotelbeausejour-menthon.com\/en\/wp-json\/wp\/v2\/pages\/259668\/revisions"}],"wp:attachment":[{"href":"https:\/\/hotelbeausejour-menthon.com\/en\/wp-json\/wp\/v2\/media?parent=259668"}],"curies":[{"name":"wp","href":"https:\/\/api.w.org\/{rel}","templated":true}]}}