{"id":259681,"date":"2024-08-07T00:27:04","date_gmt":"2024-08-06T22:27:04","guid":{"rendered":"https:\/\/hotelbeausejour-menthon.com\/impressum\/"},"modified":"2024-09-12T19:49:23","modified_gmt":"2024-09-12T17:49:23","slug":"impressum","status":"publish","type":"page","link":"https:\/\/hotelbeausejour-menthon.com\/de\/impressum\/","title":{"rendered":"Rechtliche Hinweise"},"content":{"rendered":"<p>[et_pb_section fb_built=&#8220;1&#8243; custom_padding_last_edited=&#8220;on|phone&#8220; _builder_version=&#8220;4.27.0&#8243; _module_preset=&#8220;default&#8220; custom_padding=&#8220;64px||64px||true|false&#8220; custom_padding_tablet=&#8220;64px||64px||true|false&#8220; custom_padding_phone=&#8220;32px||32px||true|false&#8220; global_colors_info=&#8220;{}&#8220;][et_pb_row _builder_version=&#8220;4.27.0&#8243; _module_preset=&#8220;default&#8220; global_colors_info=&#8220;{}&#8220;][et_pb_column type=&#8220;4_4&#8243; _builder_version=&#8220;4.23.4&#8243; _module_preset=&#8220;default&#8220; global_colors_info=&#8220;{}&#8220;][et_pb_text _builder_version=&#8220;4.27.0&#8243; _module_preset=&#8220;default&#8220; header_font=&#8220;Libre Baskerville|700|||||||&#8220; header_text_color=&#8220;#08A88D&#8220; header_font_size=&#8220;42px&#8220; header_letter_spacing=&#8220;-0.01em&#8220; header_font_size_tablet=&#8220;42px&#8220; header_font_size_phone=&#8220;36px&#8220; header_font_size_last_edited=&#8220;on|phone&#8220; header_line_height_tablet=&#8220;1.2em&#8220; header_line_height_phone=&#8220;1.2em&#8220; header_line_height_last_edited=&#8220;on|tablet&#8220; global_colors_info=&#8220;{}&#8220;]<\/p>\n<h1>Rechtliche Hinweise<\/h1>\n<p>[\/et_pb_text][et_pb_text _builder_version=&#8220;4.27.0&#8243; _module_preset=&#8220;default&#8220; text_font=&#8220;Heebo||||||||&#8220; text_text_color=&#8220;#1F2933&#8243; text_font_size=&#8220;15px&#8220; header_2_font=&#8220;Libre Baskerville|700|||||||&#8220; header_2_text_color=&#8220;#08A88D&#8220; header_2_font_size=&#8220;30px&#8220; header_2_line_height=&#8220;1.4em&#8220; header_3_font=&#8220;Libre Baskerville|700|||||||&#8220; header_3_text_color=&#8220;gcid-d80a62ea-f128-438b-b700-3ed50444ef8a&#8220; header_3_font_size=&#8220;24px&#8220; header_3_line_height=&#8220;1.3em&#8220; hover_enabled=&#8220;0&#8243; header_2_font_size_tablet=&#8220;30px&#8220; header_2_font_size_phone=&#8220;24px&#8220; header_2_font_size_last_edited=&#8220;on|tablet&#8220; header_2_line_height_tablet=&#8220;1.4em&#8220; header_2_line_height_phone=&#8220;1.4em&#8220; header_2_line_height_last_edited=&#8220;on|phone&#8220; header_3_font_size_tablet=&#8220;24px&#8220; header_3_font_size_phone=&#8220;20px&#8220; header_3_font_size_last_edited=&#8220;on|desktop&#8220; header_3_line_height_tablet=&#8220;1.3em&#8220; header_3_line_height_phone=&#8220;1.3em&#8220; header_3_line_height_last_edited=&#8220;on|desktop&#8220; global_colors_info=&#8220;{%22gcid-d80a62ea-f128-438b-b700-3ed50444ef8a%22:%91%22header_3_text_color%22%93}&#8220; sticky_enabled=&#8220;0&#8243;]<\/p>\n<p><span>Firmenname: SARL HOTEL BEAU SEJOUR<\/span><br \/><span>Handelsregister (RCS): RCS 350362570<\/span><br \/><span>Umsatzsteuer-ID (MwSt): FR87350362570<\/span><br \/><span>Stammkapital: 156.640 \u20ac<\/span><span><\/span><\/p>\n<p><span><\/span><\/p>\n<h2><span>Buchungen \u2013 Allgemeine Gesch\u00e4ftsbedingungen <\/span><\/h2>\n<ul>\n<li><span>Anzahlung erforderlich: 30 % des Gesamtbetrags des Aufenthalts.<\/span><\/li>\n<li>Der Restbetrag ist am Ende des Aufenthalts zu begleichen.<\/li>\n<li><span>Buchungen gelten als verbindlich nach Erhalt der Anzahlung. Die Anzahlung wird im Falle einer Stornierung oder vorzeitiger Abreise nicht zur\u00fcckerstattet. <\/span>.<\/li>\n<\/ul>\n<p>&nbsp;<\/p>\n<h2>Streitbeilegung und Mediation<\/h2>\n<p><span>Gem\u00e4\u00df Artikel R616-1 des Verbrauchergesetzbuchs kann jeder Kunde versuchen, einen Streit g\u00fctlich beizulegen und hat die M\u00f6glichkeit, einen Mediator der Vereinigung Europ\u00e4ischer Mediatoren (AMECONSO) zu kontaktieren, indem er das daf\u00fcr vorgesehene Formular auf der Website von AMECONSO ausf\u00fcllt: <\/span><a href=\"http:\/\/www.mediationconso-ame.com\" class=\"ms-outlook-linkify\">www.mediationconso-ame.com<\/a><span> oder einen Brief an AME CONSO, 11 Place Dauphine &#8211; 75001 PARIS, sendet.<\/span><br \/><span>Es gibt eine europ\u00e4ische Plattform f\u00fcr die Online-Streitbeilegung: <\/span><a href=\"http:\/\/ec.europa.eu\/consumers\/odr\/\" class=\"ms-outlook-linkify\">http:\/\/ec.europa.eu\/consumers\/odr\/<\/a><\/p>\n<p>[\/et_pb_text][\/et_pb_column][\/et_pb_row][\/et_pb_section]<\/p>\n","protected":false},"excerpt":{"rendered":"<p>Rechtliche HinweiseFirmenname: SARL HOTEL BEAU SEJOURHandelsregister (RCS): RCS 350362570Umsatzsteuer-ID (MwSt): FR87350362570Stammkapital: 156.640 \u20ac Buchungen \u2013 Allgemeine Gesch\u00e4ftsbedingungen Anzahlung erforderlich: 30 % des Gesamtbetrags des Aufenthalts. Der Restbetrag ist am Ende des Aufenthalts zu begleichen. Buchungen gelten als verbindlich nach Erhalt der Anzahlung. Die Anzahlung wird im Falle einer Stornierung oder vorzeitiger Abreise nicht zur\u00fcckerstattet. . [&hellip;]<\/p>\n","protected":false},"author":1,"featured_media":0,"parent":0,"menu_order":0,"comment_status":"closed","ping_status":"closed","template":"","meta":{"_et_pb_use_builder":"on","_et_pb_old_content":"","_et_gb_content_width":"","footnotes":""},"class_list":["post-259681","page","type-page","status-publish","hentry"],"yoast_head":"<!-- This site is optimized with the Yoast SEO plugin v27.3 - https:\/\/yoast.com\/product\/yoast-seo-wordpress\/ -->\n<title>Rechtliche Hinweise - H\u00f4tel Beau S\u00e9jour - H\u00f4tel \u00e0 Menthon-Saint-Bernard et bord du lac d&#039;Annecy<\/title>\n<meta name=\"robots\" content=\"index, follow, max-snippet:-1, max-image-preview:large, max-video-preview:-1\" \/>\n<link rel=\"canonical\" href=\"https:\/\/hotelbeausejour-menthon.com\/de\/impressum\/\" \/>\n<meta property=\"og:locale\" content=\"de_DE\" \/>\n<meta property=\"og:type\" content=\"article\" \/>\n<meta property=\"og:title\" content=\"Rechtliche Hinweise - H\u00f4tel Beau S\u00e9jour - H\u00f4tel \u00e0 Menthon-Saint-Bernard et bord du lac d&#039;Annecy\" \/>\n<meta property=\"og:description\" content=\"Rechtliche HinweiseFirmenname: SARL HOTEL BEAU SEJOURHandelsregister (RCS): RCS 350362570Umsatzsteuer-ID (MwSt): FR87350362570Stammkapital: 156.640 \u20ac Buchungen \u2013 Allgemeine Gesch\u00e4ftsbedingungen Anzahlung erforderlich: 30 % des Gesamtbetrags des Aufenthalts. Der Restbetrag ist am Ende des Aufenthalts zu begleichen. Buchungen gelten als verbindlich nach Erhalt der Anzahlung. Die Anzahlung wird im Falle einer Stornierung oder vorzeitiger Abreise nicht zur\u00fcckerstattet. . [&hellip;]\" \/>\n<meta property=\"og:url\" content=\"https:\/\/hotelbeausejour-menthon.com\/de\/impressum\/\" \/>\n<meta property=\"og:site_name\" content=\"H\u00f4tel Beau S\u00e9jour - H\u00f4tel \u00e0 Menthon-Saint-Bernard et bord du lac d&#039;Annecy\" \/>\n<meta property=\"article:modified_time\" content=\"2024-09-12T17:49:23+00:00\" \/>\n<meta property=\"og:image\" content=\"https:\/\/hotelbeausejour-menthon.com\/wp-content\/uploads\/2023\/03\/Logo-Hotel-Beau-Sejour-fond-vert.jpg\" \/>\n\t<meta property=\"og:image:width\" content=\"1200\" \/>\n\t<meta property=\"og:image:height\" content=\"675\" \/>\n\t<meta property=\"og:image:type\" content=\"image\/jpeg\" \/>\n<meta name=\"twitter:card\" content=\"summary_large_image\" \/>\n<meta name=\"twitter:label1\" content=\"Gesch\u00e4tzte Lesezeit\" \/>\n\t<meta name=\"twitter:data1\" content=\"2\u00a0Minuten\" \/>\n<script type=\"application\/ld+json\" class=\"yoast-schema-graph\">{\"@context\":\"https:\\\/\\\/schema.org\",\"@graph\":[{\"@type\":\"WebPage\",\"@id\":\"https:\\\/\\\/hotelbeausejour-menthon.com\\\/de\\\/impressum\\\/\",\"url\":\"https:\\\/\\\/hotelbeausejour-menthon.com\\\/de\\\/impressum\\\/\",\"name\":\"Rechtliche Hinweise - H\u00f4tel Beau S\u00e9jour - H\u00f4tel \u00e0 Menthon-Saint-Bernard et bord du lac d&#039;Annecy\",\"isPartOf\":{\"@id\":\"https:\\\/\\\/hotelbeausejour-menthon.com\\\/de\\\/#website\"},\"datePublished\":\"2024-08-06T22:27:04+00:00\",\"dateModified\":\"2024-09-12T17:49:23+00:00\",\"breadcrumb\":{\"@id\":\"https:\\\/\\\/hotelbeausejour-menthon.com\\\/de\\\/impressum\\\/#breadcrumb\"},\"inLanguage\":\"de\",\"potentialAction\":[{\"@type\":\"ReadAction\",\"target\":[\"https:\\\/\\\/hotelbeausejour-menthon.com\\\/de\\\/impressum\\\/\"]}]},{\"@type\":\"BreadcrumbList\",\"@id\":\"https:\\\/\\\/hotelbeausejour-menthon.com\\\/de\\\/impressum\\\/#breadcrumb\",\"itemListElement\":[{\"@type\":\"ListItem\",\"position\":1,\"name\":\"Accueil\",\"item\":\"https:\\\/\\\/hotelbeausejour-menthon.com\\\/de\\\/\"},{\"@type\":\"ListItem\",\"position\":2,\"name\":\"Rechtliche Hinweise\"}]},{\"@type\":\"WebSite\",\"@id\":\"https:\\\/\\\/hotelbeausejour-menthon.com\\\/de\\\/#website\",\"url\":\"https:\\\/\\\/hotelbeausejour-menthon.com\\\/de\\\/\",\"name\":\"H\u00f4tel Beau S\u00e9jour - H\u00f4tel \u00e0 Menthon-Saint-Bernard et bord du lac d'Annecy\",\"description\":\"R\u00e9servez votre s\u00e9jour et vos vacances dans cet h\u00f4tel de charme \u00e0 deux pas du lac d&#039;Annecy\",\"publisher\":{\"@id\":\"https:\\\/\\\/hotelbeausejour-menthon.com\\\/de\\\/#organization\"},\"potentialAction\":[{\"@type\":\"SearchAction\",\"target\":{\"@type\":\"EntryPoint\",\"urlTemplate\":\"https:\\\/\\\/hotelbeausejour-menthon.com\\\/de\\\/?s={search_term_string}\"},\"query-input\":{\"@type\":\"PropertyValueSpecification\",\"valueRequired\":true,\"valueName\":\"search_term_string\"}}],\"inLanguage\":\"de\"},{\"@type\":\"Organization\",\"@id\":\"https:\\\/\\\/hotelbeausejour-menthon.com\\\/de\\\/#organization\",\"name\":\"H\u00f4tel Beau S\u00e9jour\",\"url\":\"https:\\\/\\\/hotelbeausejour-menthon.com\\\/de\\\/\",\"logo\":{\"@type\":\"ImageObject\",\"inLanguage\":\"de\",\"@id\":\"https:\\\/\\\/hotelbeausejour-menthon.com\\\/de\\\/#\\\/schema\\\/logo\\\/image\\\/\",\"url\":\"https:\\\/\\\/hotelbeausejour-menthon.com\\\/wp-content\\\/uploads\\\/2023\\\/02\\\/Logo-Hotel-Beau-Sejour.png\",\"contentUrl\":\"https:\\\/\\\/hotelbeausejour-menthon.com\\\/wp-content\\\/uploads\\\/2023\\\/02\\\/Logo-Hotel-Beau-Sejour.png\",\"width\":1194,\"height\":256,\"caption\":\"H\u00f4tel Beau S\u00e9jour\"},\"image\":{\"@id\":\"https:\\\/\\\/hotelbeausejour-menthon.com\\\/de\\\/#\\\/schema\\\/logo\\\/image\\\/\"}}]}<\/script>\n<!-- \/ Yoast SEO plugin. -->","yoast_head_json":{"title":"Rechtliche Hinweise - H\u00f4tel Beau S\u00e9jour - H\u00f4tel \u00e0 Menthon-Saint-Bernard et bord du lac d&#039;Annecy","robots":{"index":"index","follow":"follow","max-snippet":"max-snippet:-1","max-image-preview":"max-image-preview:large","max-video-preview":"max-video-preview:-1"},"canonical":"https:\/\/hotelbeausejour-menthon.com\/de\/impressum\/","og_locale":"de_DE","og_type":"article","og_title":"Rechtliche Hinweise - H\u00f4tel Beau S\u00e9jour - H\u00f4tel \u00e0 Menthon-Saint-Bernard et bord du lac d&#039;Annecy","og_description":"Rechtliche HinweiseFirmenname: SARL HOTEL BEAU SEJOURHandelsregister (RCS): RCS 350362570Umsatzsteuer-ID (MwSt): FR87350362570Stammkapital: 156.640 \u20ac Buchungen \u2013 Allgemeine Gesch\u00e4ftsbedingungen Anzahlung erforderlich: 30 % des Gesamtbetrags des Aufenthalts. Der Restbetrag ist am Ende des Aufenthalts zu begleichen. Buchungen gelten als verbindlich nach Erhalt der Anzahlung. Die Anzahlung wird im Falle einer Stornierung oder vorzeitiger Abreise nicht zur\u00fcckerstattet. . [&hellip;]","og_url":"https:\/\/hotelbeausejour-menthon.com\/de\/impressum\/","og_site_name":"H\u00f4tel Beau S\u00e9jour - H\u00f4tel \u00e0 Menthon-Saint-Bernard et bord du lac d&#039;Annecy","article_modified_time":"2024-09-12T17:49:23+00:00","og_image":[{"width":1200,"height":675,"url":"https:\/\/hotelbeausejour-menthon.com\/wp-content\/uploads\/2023\/03\/Logo-Hotel-Beau-Sejour-fond-vert.jpg","type":"image\/jpeg"}],"twitter_card":"summary_large_image","twitter_misc":{"Gesch\u00e4tzte Lesezeit":"2\u00a0Minuten"},"schema":{"@context":"https:\/\/schema.org","@graph":[{"@type":"WebPage","@id":"https:\/\/hotelbeausejour-menthon.com\/de\/impressum\/","url":"https:\/\/hotelbeausejour-menthon.com\/de\/impressum\/","name":"Rechtliche Hinweise - H\u00f4tel Beau S\u00e9jour - H\u00f4tel \u00e0 Menthon-Saint-Bernard et bord du lac d&#039;Annecy","isPartOf":{"@id":"https:\/\/hotelbeausejour-menthon.com\/de\/#website"},"datePublished":"2024-08-06T22:27:04+00:00","dateModified":"2024-09-12T17:49:23+00:00","breadcrumb":{"@id":"https:\/\/hotelbeausejour-menthon.com\/de\/impressum\/#breadcrumb"},"inLanguage":"de","potentialAction":[{"@type":"ReadAction","target":["https:\/\/hotelbeausejour-menthon.com\/de\/impressum\/"]}]},{"@type":"BreadcrumbList","@id":"https:\/\/hotelbeausejour-menthon.com\/de\/impressum\/#breadcrumb","itemListElement":[{"@type":"ListItem","position":1,"name":"Accueil","item":"https:\/\/hotelbeausejour-menthon.com\/de\/"},{"@type":"ListItem","position":2,"name":"Rechtliche Hinweise"}]},{"@type":"WebSite","@id":"https:\/\/hotelbeausejour-menthon.com\/de\/#website","url":"https:\/\/hotelbeausejour-menthon.com\/de\/","name":"H\u00f4tel Beau S\u00e9jour - H\u00f4tel \u00e0 Menthon-Saint-Bernard et bord du lac d'Annecy","description":"R\u00e9servez votre s\u00e9jour et vos vacances dans cet h\u00f4tel de charme \u00e0 deux pas du lac d&#039;Annecy","publisher":{"@id":"https:\/\/hotelbeausejour-menthon.com\/de\/#organization"},"potentialAction":[{"@type":"SearchAction","target":{"@type":"EntryPoint","urlTemplate":"https:\/\/hotelbeausejour-menthon.com\/de\/?s={search_term_string}"},"query-input":{"@type":"PropertyValueSpecification","valueRequired":true,"valueName":"search_term_string"}}],"inLanguage":"de"},{"@type":"Organization","@id":"https:\/\/hotelbeausejour-menthon.com\/de\/#organization","name":"H\u00f4tel Beau S\u00e9jour","url":"https:\/\/hotelbeausejour-menthon.com\/de\/","logo":{"@type":"ImageObject","inLanguage":"de","@id":"https:\/\/hotelbeausejour-menthon.com\/de\/#\/schema\/logo\/image\/","url":"https:\/\/hotelbeausejour-menthon.com\/wp-content\/uploads\/2023\/02\/Logo-Hotel-Beau-Sejour.png","contentUrl":"https:\/\/hotelbeausejour-menthon.com\/wp-content\/uploads\/2023\/02\/Logo-Hotel-Beau-Sejour.png","width":1194,"height":256,"caption":"H\u00f4tel Beau S\u00e9jour"},"image":{"@id":"https:\/\/hotelbeausejour-menthon.com\/de\/#\/schema\/logo\/image\/"}}]}},"_links":{"self":[{"href":"https:\/\/hotelbeausejour-menthon.com\/de\/wp-json\/wp\/v2\/pages\/259681","targetHints":{"allow":["GET"]}}],"collection":[{"href":"https:\/\/hotelbeausejour-menthon.com\/de\/wp-json\/wp\/v2\/pages"}],"about":[{"href":"https:\/\/hotelbeausejour-menthon.com\/de\/wp-json\/wp\/v2\/types\/page"}],"author":[{"embeddable":true,"href":"https:\/\/hotelbeausejour-menthon.com\/de\/wp-json\/wp\/v2\/users\/1"}],"replies":[{"embeddable":true,"href":"https:\/\/hotelbeausejour-menthon.com\/de\/wp-json\/wp\/v2\/comments?post=259681"}],"version-history":[{"count":0,"href":"https:\/\/hotelbeausejour-menthon.com\/de\/wp-json\/wp\/v2\/pages\/259681\/revisions"}],"wp:attachment":[{"href":"https:\/\/hotelbeausejour-menthon.com\/de\/wp-json\/wp\/v2\/media?parent=259681"}],"curies":[{"name":"wp","href":"https:\/\/api.w.org\/{rel}","templated":true}]}}